{"id":71,"date":"2022-06-10T09:29:01","date_gmt":"2022-06-10T07:29:01","guid":{"rendered":"https:\/\/bdkj.online\/?page_id=71"},"modified":"2023-04-27T11:43:51","modified_gmt":"2023-04-27T09:43:51","slug":"impressum","status":"publish","type":"page","link":"https:\/\/bdkj.online\/","title":{"rendered":"Impressum"},"content":{"rendered":"\n<p>Bisch\u00f6fliches Jugendamt und BDKJ-Di\u00f6zesanstelle<br>Di\u00f6zese Rottenburg-Stuttgart<br>Antoniusstr. 3<br>73249 Wernau<\/p>\n\n\n\n<p>Ansprechperson<br>Michael Medla, Di\u00f6zesanleiter BDKJ\/BJA<\/p>\n\n\n\n<p>Tel. 07153 3001 -100<br>Fax 07153 3001 &#8211; 600&nbsp;<br>bdkj@bdkj.info<\/p>\n\n\n\n<p>Umsatzsteueridentifikations-Nr. gem\u00e4\u00df \u00a7 27 a Umsatzsteuergesetz: DE 226361735<\/p>\n\n\n\n<p>Rechtstr\u00e4gerin des Bisch\u00f6flichen Jugendamts ist die Di\u00f6zese Rottenburg-Stuttgart. Die Di\u00f6zese Rottenburg-Stuttgart ist eine K\u00f6rperschaft des \u00f6ffentlichen Rechts. Sie wird vertreten durch den Generalvikar Dr. Clemens Stroppel.<\/p>\n\n\n\n<p>Urheberrecht:<\/p>\n\n\n\n<p>S\u00e4mtliche auf\u00a0bdkj.cloud\u00a0oder bdkj.online ver\u00f6ffentlichten Inhalte sind urheberrechtlich oder durch sonstige Rechte gesch\u00fctzt. Die Nutzungsrechte stehen dem Bisch\u00f6flichen Jugendamt\/BDKJ der Di\u00f6zese Rottenburg-Stuttgart, den Institutionen, Organisationen und Initiativen in der Di\u00f6zese oder ihren Lizenzgebern zu.<\/p>\n\n\n\n<p>Jede vom deutschen Urheberrecht nicht zugelassene Nutzung der Inhalte insgesamt oder in Teilen bedarf der vorherigen schriftlichen Zustimmung des jeweiligen Autors oder Urhebers. Dies gilt insbesondere f\u00fcr Vervielf\u00e4ltigung, Bearbeitung, \u00dcbersetzung, Einspeicherung, Verarbeitung bzw. Wiedergabe von Inhalten in Datenbanken oder anderen elektronischen Medien und Systemen.<\/p>\n\n\n\n<p>Eine Zustimmung oder Genehmigung reicht nur so weit, wie dem Bisch\u00f6flichen Jugendamt\/BDKJ der Di\u00f6zese Rottenburg-Stuttgart, ihren Institutionen, Organisationen und Verb\u00e4nden Rechte zustehen oder \u00fcbertragen worden sind.<\/p>\n\n\n\n<p>Anwendbares Recht:<\/p>\n\n\n\n<p>Es gilt ausschlie\u00dflich das ma\u00dfgebliche Recht der Bundesrepublik Deutschland.<\/p>\n","protected":false},"excerpt":{"rendered":"<p>Bisch\u00f6fliches Jugendamt und BDKJ-Di\u00f6zesanstelleDi\u00f6zese Rottenburg-StuttgartAntoniusstr. 373249 Wernau AnsprechpersonMichael Medla, Di\u00f6zesanleiter BDKJ\/BJA Tel. 07153 3001 -100Fax 07153 3001 &#8211; 600&nbsp;bdkj@bdkj.info Umsatzsteueridentifikations-Nr. gem\u00e4\u00df \u00a7 27 a Umsatzsteuergesetz: DE 226361735 Rechtstr\u00e4gerin des Bisch\u00f6flichen Jugendamts ist die Di\u00f6zese Rottenburg-Stuttgart. Die Di\u00f6zese Rottenburg-Stuttgart ist eine K\u00f6rperschaft des \u00f6ffentlichen Rechts. Sie wird vertreten durch den Generalvikar Dr. Clemens Stroppel. Urheberrecht: S\u00e4mtliche&hellip; <a class=\"more-link\" href=\"https:\/\/bdkj.online\/\"><span class=\"screen-reader-text\">Impressum<\/span> weiterlesen<\/a><\/p>\n","protected":false},"author":3,"featured_media":0,"parent":0,"menu_order":0,"comment_status":"closed","ping_status":"closed","template":"","meta":{"_uag_custom_page_level_css":"","footnotes":""},"class_list":["post-71","page","type-page","status-publish","hentry","entry"],"uagb_featured_image_src":{"full":false,"thumbnail":false,"medium":false,"medium_large":false,"large":false,"1536x1536":false,"2048x2048":false,"post-thumbnail":false},"uagb_author_info":{"display_name":"Johannes Aubele","author_link":"https:\/\/bdkj.online\/?author=3"},"uagb_comment_info":0,"uagb_excerpt":"Bisch\u00f6fliches Jugendamt und BDKJ-Di\u00f6zesanstelleDi\u00f6zese Rottenburg-StuttgartAntoniusstr. 373249 Wernau AnsprechpersonMichael Medla, Di\u00f6zesanleiter BDKJ\/BJA Tel. 07153 3001 -100Fax 07153 3001 &#8211; 600&nbsp;bdkj@bdkj.info Umsatzsteueridentifikations-Nr. gem\u00e4\u00df \u00a7 27 a Umsatzsteuergesetz: DE 226361735 Rechtstr\u00e4gerin des Bisch\u00f6flichen Jugendamts ist die Di\u00f6zese Rottenburg-Stuttgart. Die Di\u00f6zese Rottenburg-Stuttgart ist eine K\u00f6rperschaft des \u00f6ffentlichen Rechts. Sie wird vertreten durch den Generalvikar Dr. Clemens Stroppel. Urheberrecht: S\u00e4mtliche&hellip;&hellip;","_links":{"self":[{"href":"https:\/\/bdkj.online\/index.php?rest_route=\/wp\/v2\/pages\/71","targetHints":{"allow":["GET"]}}],"collection":[{"href":"https:\/\/bdkj.online\/index.php?rest_route=\/wp\/v2\/pages"}],"about":[{"href":"https:\/\/bdkj.online\/index.php?rest_route=\/wp\/v2\/types\/page"}],"author":[{"embeddable":true,"href":"https:\/\/bdkj.online\/index.php?rest_route=\/wp\/v2\/users\/3"}],"replies":[{"embeddable":true,"href":"https:\/\/bdkj.online\/index.php?rest_route=%2Fwp%2Fv2%2Fcomments&post=71"}],"version-history":[{"count":5,"href":"https:\/\/bdkj.online\/index.php?rest_route=\/wp\/v2\/pages\/71\/revisions"}],"predecessor-version":[{"id":652,"href":"https:\/\/bdkj.online\/index.php?rest_route=\/wp\/v2\/pages\/71\/revisions\/652"}],"wp:attachment":[{"href":"https:\/\/bdkj.online\/index.php?rest_route=%2Fwp%2Fv2%2Fmedia&parent=71"}],"curies":[{"name":"wp","href":"https:\/\/api.w.org\/{rel}","templated":true}]}}